{"id":62,"date":"2021-12-25T10:37:48","date_gmt":"2021-12-25T10:37:48","guid":{"rendered":"https:\/\/www.design-award.cz\/?page_id=62"},"modified":"2025-03-19T09:51:02","modified_gmt":"2025-03-19T09:51:02","slug":"kategorie","status":"publish","type":"page","link":"https:\/\/www.design-award.cz\/?page_id=62","title":{"rendered":"KATEGORIE"},"content":{"rendered":"\n<h2 class=\"wp-block-heading\" id=\"jsi-studentem-ss-a-vos-z-cr-nebo-sr-a-za-skolni-rok-2020-2021-nebo-2021-2022-mas-zajimavy-projekt-nebo-navrh-kterym-by-ses-chtel-prezentovat-zapada-do-jedne-z-vyhlasenych-kategorii\">Jsi studentem S\u0160 a VO\u0160\u00a0z \u010cR nebo SR\u00a0a za \u0161koln\u00ed rok 2023\/2024 nebo 2024\/2025 m\u00e1\u0161 zaj\u00edmav\u00fd projekt nebo n\u00e1vrh, kter\u00fdm by ses cht\u011bl prezentovat? Zapad\u00e1 do jedn\u00e9 z vyhl\u00e1\u0161en\u00fdch kategori\u00ed?<\/h2>\n\n\n\n<h2 class=\"wp-block-heading\" id=\"nevahej-a-prihlas-se-do-souteze\">Nev\u00e1hej a p\u0159ihlas se do sout\u011b\u017ee!<\/h2>\n\n\n\n<p><strong>a\/ INTERI\u00c9ROV\u00dd DESIGN<\/strong> &#8211; do t\u00e9to kategorie se m\u016f\u017eete hl\u00e1sit se soukrom\u00fdm interi\u00e9rem (interi\u00e9r domu, bytu nebo jin\u00e9ho soukrom\u00e9ho prostoru), ale i s interi\u00e9rem ve\u0159ejn\u00fdm (to jsou\u00a0obchody, slu\u017eby, \u0161koly, zdrav. za\u0159\u00edzen\u00ed, kancel\u00e1\u0159e, huby a coworkingov\u00e1 centra a jin\u00e9 ve\u0159ejn\u00e9 prostory), kter\u00fd byl navr\u017een studenty v dan\u00e9m obdob\u00ed.<\/p>\n\n\n\n<p><strong>b\/ PRODUKTOV\u00dd DESIGN<\/strong> &#8211; n\u00e1vrhy a realizace p\u0159edm\u011bt\u016f slou\u017e\u00edc\u00edch prim\u00e1rn\u011b jako dopln\u011bk interi\u00e9ru nebo exteri\u00e9ru, tedy sv\u00edtidla, n\u00e1bytek, dekorace (zrcadla, kv\u011btin\u00e1\u010de, v\u00e1zy apod.), interi\u00e9rov\u00e9 dopl\u0148ky (kliky, madla, vyp\u00edna\u010de, obrubn\u011b apod.), u\u017eit\u00e9 produkty (v\u00e1zy, m\u00edsy, \u010dajov\u00e9 sety apod.), kter\u00e9 byly navr\u017eeny studenty v dan\u00e9m obdob\u00ed.<\/p>\n","protected":false},"excerpt":{"rendered":"<p>Jsi studentem S\u0160 a VO\u0160\u00a0z \u010cR nebo SR\u00a0a za \u0161koln\u00ed rok 2023\/2024 nebo 2024\/2025 m\u00e1\u0161 zaj\u00edmav\u00fd projekt nebo n\u00e1vrh, kter\u00fdm by ses cht\u011bl prezentovat? Zapad\u00e1 do jedn\u00e9 z vyhl\u00e1\u0161en\u00fdch kategori\u00ed? Nev\u00e1hej a p\u0159ihlas se do sout\u011b\u017ee! a\/ INTERI\u00c9ROV\u00dd DESIGN &#8211; do t\u00e9to kategorie se m\u016f\u017eete hl\u00e1sit se soukrom\u00fdm interi\u00e9rem (interi\u00e9r domu, bytu nebo jin\u00e9ho soukrom\u00e9ho [&hellip;]<\/p>\n","protected":false},"author":1,"featured_media":0,"parent":0,"menu_order":0,"comment_status":"closed","ping_status":"closed","template":"","meta":{"ngg_post_thumbnail":0,"ocean_post_layout":"","ocean_both_sidebars_style":"","ocean_both_sidebars_content_width":0,"ocean_both_sidebars_sidebars_width":0,"ocean_sidebar":"0","ocean_second_sidebar":"0","ocean_disable_margins":"enable","ocean_add_body_class":"","ocean_shortcode_before_top_bar":"","ocean_shortcode_after_top_bar":"","ocean_shortcode_before_header":"","ocean_shortcode_after_header":"","ocean_has_shortcode":"","ocean_shortcode_after_title":"","ocean_shortcode_before_footer_widgets":"","ocean_shortcode_after_footer_widgets":"","ocean_shortcode_before_footer_bottom":"","ocean_shortcode_after_footer_bottom":"","ocean_display_top_bar":"default","ocean_display_header":"default","ocean_header_style":"","ocean_center_header_left_menu":"0","ocean_custom_header_template":"0","ocean_custom_logo":0,"ocean_custom_retina_logo":0,"ocean_custom_logo_max_width":0,"ocean_custom_logo_tablet_max_width":0,"ocean_custom_logo_mobile_max_width":0,"ocean_custom_logo_max_height":0,"ocean_custom_logo_tablet_max_height":0,"ocean_custom_logo_mobile_max_height":0,"ocean_header_custom_menu":"0","ocean_menu_typo_font_family":"0","ocean_menu_typo_font_subset":"","ocean_menu_typo_font_size":0,"ocean_menu_typo_font_size_tablet":0,"ocean_menu_typo_font_size_mobile":0,"ocean_menu_typo_font_size_unit":"px","ocean_menu_typo_font_weight":"","ocean_menu_typo_font_weight_tablet":"","ocean_menu_typo_font_weight_mobile":"","ocean_menu_typo_transform":"","ocean_menu_typo_transform_tablet":"","ocean_menu_typo_transform_mobile":"","ocean_menu_typo_line_height":0,"ocean_menu_typo_line_height_tablet":0,"ocean_menu_typo_line_height_mobile":0,"ocean_menu_typo_line_height_unit":"","ocean_menu_typo_spacing":0,"ocean_menu_typo_spacing_tablet":0,"ocean_menu_typo_spacing_mobile":0,"ocean_menu_typo_spacing_unit":"","ocean_menu_link_color":"","ocean_menu_link_color_hover":"","ocean_menu_link_color_active":"","ocean_menu_link_background":"","ocean_menu_link_hover_background":"","ocean_menu_link_active_background":"","ocean_menu_social_links_bg":"","ocean_menu_social_hover_links_bg":"","ocean_menu_social_links_color":"","ocean_menu_social_hover_links_color":"","ocean_disable_title":"default","ocean_disable_heading":"default","ocean_post_title":"","ocean_post_subheading":"","ocean_post_title_style":"","ocean_post_title_background_color":"","ocean_post_title_background":0,"ocean_post_title_bg_image_position":"","ocean_post_title_bg_image_attachment":"","ocean_post_title_bg_image_repeat":"","ocean_post_title_bg_image_size":"","ocean_post_title_height":0,"ocean_post_title_bg_overlay":0.5,"ocean_post_title_bg_overlay_color":"","ocean_disable_breadcrumbs":"default","ocean_breadcrumbs_color":"","ocean_breadcrumbs_separator_color":"","ocean_breadcrumbs_links_color":"","ocean_breadcrumbs_links_hover_color":"","ocean_display_footer_widgets":"default","ocean_display_footer_bottom":"default","ocean_custom_footer_template":"0","_vp_format_video_url":"","_vp_image_focal_point":[],"footnotes":""},"class_list":["post-62","page","type-page","status-publish","hentry","entry"],"yoast_head":"<!-- This site is optimized with the Yoast SEO plugin v25.2 - https:\/\/yoast.com\/wordpress\/plugins\/seo\/ -->\n<title>KATEGORIE - design-award.cz<\/title>\n<meta name=\"robots\" content=\"index, follow, max-snippet:-1, max-image-preview:large, max-video-preview:-1\" \/>\n<link rel=\"canonical\" href=\"https:\/\/www.design-award.cz\/?page_id=62\" \/>\n<meta property=\"og:locale\" content=\"cs_CZ\" \/>\n<meta property=\"og:type\" content=\"article\" \/>\n<meta property=\"og:title\" content=\"KATEGORIE - design-award.cz\" \/>\n<meta property=\"og:description\" content=\"Jsi studentem S\u0160 a VO\u0160\u00a0z \u010cR nebo SR\u00a0a za \u0161koln\u00ed rok 2023\/2024 nebo 2024\/2025 m\u00e1\u0161 zaj\u00edmav\u00fd projekt nebo n\u00e1vrh, kter\u00fdm by ses cht\u011bl prezentovat? Zapad\u00e1 do jedn\u00e9 z vyhl\u00e1\u0161en\u00fdch kategori\u00ed? Nev\u00e1hej a p\u0159ihlas se do sout\u011b\u017ee! a\/ INTERI\u00c9ROV\u00dd DESIGN &#8211; do t\u00e9to kategorie se m\u016f\u017eete hl\u00e1sit se soukrom\u00fdm interi\u00e9rem (interi\u00e9r domu, bytu nebo jin\u00e9ho soukrom\u00e9ho [&hellip;]\" \/>\n<meta property=\"og:url\" content=\"https:\/\/www.design-award.cz\/?page_id=62\" \/>\n<meta property=\"og:site_name\" content=\"design-award.cz\" \/>\n<meta property=\"article:modified_time\" content=\"2025-03-19T09:51:02+00:00\" \/>\n<meta name=\"twitter:card\" content=\"summary_large_image\" \/>\n<meta name=\"twitter:label1\" content=\"Odhadovan\u00e1 doba \u010dten\u00ed\" \/>\n\t<meta name=\"twitter:data1\" content=\"1 minuta\" \/>\n<script type=\"application\/ld+json\" class=\"yoast-schema-graph\">{\"@context\":\"https:\/\/schema.org\",\"@graph\":[{\"@type\":\"WebPage\",\"@id\":\"https:\/\/www.design-award.cz\/?page_id=62\",\"url\":\"https:\/\/www.design-award.cz\/?page_id=62\",\"name\":\"KATEGORIE - design-award.cz\",\"isPartOf\":{\"@id\":\"https:\/\/www.design-award.cz\/#website\"},\"datePublished\":\"2021-12-25T10:37:48+00:00\",\"dateModified\":\"2025-03-19T09:51:02+00:00\",\"breadcrumb\":{\"@id\":\"https:\/\/www.design-award.cz\/?page_id=62#breadcrumb\"},\"inLanguage\":\"cs\",\"potentialAction\":[{\"@type\":\"ReadAction\",\"target\":[\"https:\/\/www.design-award.cz\/?page_id=62\"]}]},{\"@type\":\"BreadcrumbList\",\"@id\":\"https:\/\/www.design-award.cz\/?page_id=62#breadcrumb\",\"itemListElement\":[{\"@type\":\"ListItem\",\"position\":1,\"name\":\"Dom\u016f\",\"item\":\"https:\/\/www.design-award.cz\/\"},{\"@type\":\"ListItem\",\"position\":2,\"name\":\"KATEGORIE\"}]},{\"@type\":\"WebSite\",\"@id\":\"https:\/\/www.design-award.cz\/#website\",\"url\":\"https:\/\/www.design-award.cz\/\",\"name\":\"design-award.cz\",\"description\":\"WARD vznikla v roce 2022. Je ur\u010dena p\u0159edev\u0161\u00edm student\u016fm st\u0159edn\u00edch um\u011bleck\u00fdch \u0161kol (S\u0160 a VO\u0160), kte\u0159\u00ed mohou bezplatn\u011b zaslat sv\u00e9 n\u00e1vrhy v uveden\u00fdch kategori\u00ed a tak pom\u011b\u0159it sv\u00e9 n\u00e1pady s konkurenc\u00ed sv\u00fdch vrstevn\u00edk\u016f. N\u00e1vrhy jsou n\u00e1sledn\u011b posouzeny nez\u00e1vislou porotou z \u0159ad v\u00fdtvarn\u00edk\u016f, pedagog\u016f a profesion\u00e1l\u016f z oboru.\",\"publisher\":{\"@id\":\"https:\/\/www.design-award.cz\/#organization\"},\"potentialAction\":[{\"@type\":\"SearchAction\",\"target\":{\"@type\":\"EntryPoint\",\"urlTemplate\":\"https:\/\/www.design-award.cz\/?s={search_term_string}\"},\"query-input\":{\"@type\":\"PropertyValueSpecification\",\"valueRequired\":true,\"valueName\":\"search_term_string\"}}],\"inLanguage\":\"cs\"},{\"@type\":\"Organization\",\"@id\":\"https:\/\/www.design-award.cz\/#organization\",\"name\":\"Design Award\",\"url\":\"https:\/\/www.design-award.cz\/\",\"logo\":{\"@type\":\"ImageObject\",\"inLanguage\":\"cs\",\"@id\":\"https:\/\/www.design-award.cz\/#\/schema\/logo\/image\/\",\"url\":\"http:\/\/www.design-award.cz\/wp-content\/uploads\/2021\/12\/hornilogo_design-award.png\",\"contentUrl\":\"http:\/\/www.design-award.cz\/wp-content\/uploads\/2021\/12\/hornilogo_design-award.png\",\"width\":800,\"height\":600,\"caption\":\"Design Award\"},\"image\":{\"@id\":\"https:\/\/www.design-award.cz\/#\/schema\/logo\/image\/\"},\"sameAs\":[\"https:\/\/www.instagram.com\/design_award\/\"]}]}<\/script>\n<!-- \/ Yoast SEO plugin. -->","yoast_head_json":{"title":"KATEGORIE - design-award.cz","robots":{"index":"index","follow":"follow","max-snippet":"max-snippet:-1","max-image-preview":"max-image-preview:large","max-video-preview":"max-video-preview:-1"},"canonical":"https:\/\/www.design-award.cz\/?page_id=62","og_locale":"cs_CZ","og_type":"article","og_title":"KATEGORIE - design-award.cz","og_description":"Jsi studentem S\u0160 a VO\u0160\u00a0z \u010cR nebo SR\u00a0a za \u0161koln\u00ed rok 2023\/2024 nebo 2024\/2025 m\u00e1\u0161 zaj\u00edmav\u00fd projekt nebo n\u00e1vrh, kter\u00fdm by ses cht\u011bl prezentovat? Zapad\u00e1 do jedn\u00e9 z vyhl\u00e1\u0161en\u00fdch kategori\u00ed? Nev\u00e1hej a p\u0159ihlas se do sout\u011b\u017ee! a\/ INTERI\u00c9ROV\u00dd DESIGN &#8211; do t\u00e9to kategorie se m\u016f\u017eete hl\u00e1sit se soukrom\u00fdm interi\u00e9rem (interi\u00e9r domu, bytu nebo jin\u00e9ho soukrom\u00e9ho [&hellip;]","og_url":"https:\/\/www.design-award.cz\/?page_id=62","og_site_name":"design-award.cz","article_modified_time":"2025-03-19T09:51:02+00:00","twitter_card":"summary_large_image","twitter_misc":{"Odhadovan\u00e1 doba \u010dten\u00ed":"1 minuta"},"schema":{"@context":"https:\/\/schema.org","@graph":[{"@type":"WebPage","@id":"https:\/\/www.design-award.cz\/?page_id=62","url":"https:\/\/www.design-award.cz\/?page_id=62","name":"KATEGORIE - design-award.cz","isPartOf":{"@id":"https:\/\/www.design-award.cz\/#website"},"datePublished":"2021-12-25T10:37:48+00:00","dateModified":"2025-03-19T09:51:02+00:00","breadcrumb":{"@id":"https:\/\/www.design-award.cz\/?page_id=62#breadcrumb"},"inLanguage":"cs","potentialAction":[{"@type":"ReadAction","target":["https:\/\/www.design-award.cz\/?page_id=62"]}]},{"@type":"BreadcrumbList","@id":"https:\/\/www.design-award.cz\/?page_id=62#breadcrumb","itemListElement":[{"@type":"ListItem","position":1,"name":"Dom\u016f","item":"https:\/\/www.design-award.cz\/"},{"@type":"ListItem","position":2,"name":"KATEGORIE"}]},{"@type":"WebSite","@id":"https:\/\/www.design-award.cz\/#website","url":"https:\/\/www.design-award.cz\/","name":"design-award.cz","description":"WARD vznikla v roce 2022. Je ur\u010dena p\u0159edev\u0161\u00edm student\u016fm st\u0159edn\u00edch um\u011bleck\u00fdch \u0161kol (S\u0160 a VO\u0160), kte\u0159\u00ed mohou bezplatn\u011b zaslat sv\u00e9 n\u00e1vrhy v uveden\u00fdch kategori\u00ed a tak pom\u011b\u0159it sv\u00e9 n\u00e1pady s konkurenc\u00ed sv\u00fdch vrstevn\u00edk\u016f. N\u00e1vrhy jsou n\u00e1sledn\u011b posouzeny nez\u00e1vislou porotou z \u0159ad v\u00fdtvarn\u00edk\u016f, pedagog\u016f a profesion\u00e1l\u016f z oboru.","publisher":{"@id":"https:\/\/www.design-award.cz\/#organization"},"potentialAction":[{"@type":"SearchAction","target":{"@type":"EntryPoint","urlTemplate":"https:\/\/www.design-award.cz\/?s={search_term_string}"},"query-input":{"@type":"PropertyValueSpecification","valueRequired":true,"valueName":"search_term_string"}}],"inLanguage":"cs"},{"@type":"Organization","@id":"https:\/\/www.design-award.cz\/#organization","name":"Design Award","url":"https:\/\/www.design-award.cz\/","logo":{"@type":"ImageObject","inLanguage":"cs","@id":"https:\/\/www.design-award.cz\/#\/schema\/logo\/image\/","url":"http:\/\/www.design-award.cz\/wp-content\/uploads\/2021\/12\/hornilogo_design-award.png","contentUrl":"http:\/\/www.design-award.cz\/wp-content\/uploads\/2021\/12\/hornilogo_design-award.png","width":800,"height":600,"caption":"Design Award"},"image":{"@id":"https:\/\/www.design-award.cz\/#\/schema\/logo\/image\/"},"sameAs":["https:\/\/www.instagram.com\/design_award\/"]}]}},"_links":{"self":[{"href":"https:\/\/www.design-award.cz\/index.php?rest_route=\/wp\/v2\/pages\/62","targetHints":{"allow":["GET"]}}],"collection":[{"href":"https:\/\/www.design-award.cz\/index.php?rest_route=\/wp\/v2\/pages"}],"about":[{"href":"https:\/\/www.design-award.cz\/index.php?rest_route=\/wp\/v2\/types\/page"}],"author":[{"embeddable":true,"href":"https:\/\/www.design-award.cz\/index.php?rest_route=\/wp\/v2\/users\/1"}],"replies":[{"embeddable":true,"href":"https:\/\/www.design-award.cz\/index.php?rest_route=%2Fwp%2Fv2%2Fcomments&post=62"}],"version-history":[{"count":15,"href":"https:\/\/www.design-award.cz\/index.php?rest_route=\/wp\/v2\/pages\/62\/revisions"}],"predecessor-version":[{"id":4435,"href":"https:\/\/www.design-award.cz\/index.php?rest_route=\/wp\/v2\/pages\/62\/revisions\/4435"}],"wp:attachment":[{"href":"https:\/\/www.design-award.cz\/index.php?rest_route=%2Fwp%2Fv2%2Fmedia&parent=62"}],"curies":[{"name":"wp","href":"https:\/\/api.w.org\/{rel}","templated":true}]}}